{"id":8912,"date":"2024-01-03T16:50:44","date_gmt":"2024-01-03T07:50:44","guid":{"rendered":"https:\/\/studyinjpn.com\/cms\/?page_id=8912"},"modified":"2024-03-01T17:47:01","modified_gmt":"2024-03-01T08:47:01","slug":"studyinjapan_vietnam2024","status":"publish","type":"page","link":"https:\/\/studyinjpn.com\/cms\/ja\/studyinjapan_vietnam2024\/","title":{"rendered":"[License Academy] Ng\u00e0y h\u1ed9i du h\u1ecdc Nh\u1eadt B\u1ea3n 2024 t\u1ea1i Vi\u1ec7t Nam &#8211; Ng\u00e0y 08 v\u00e0 09\/03\/2024"},"content":{"rendered":"\n<figure class=\"wp-block-pullquote has-border-color has-white-background-color has-background has-medium-font-size\" style=\"border-color:#b73030;font-style:italic;font-weight:800\"><blockquote><p>Ch\u00e0o m\u1eebng c\u00e1c b\u1ea1n \u0111\u1ebfn v\u1edbi &#8220;Ng\u00e0y h\u1ed9i th\u00f4ng tin du h\u1ecdc Nh\u1eadt B\u1ea3n 2024&#8221;!<\/p><cite>Nh\u1ea5n v\u00e0o &#8220;\u0110\u0103ng k\u00fd&#8221; v\u00e0 ho\u00e0n th\u00e0nh form \u0111\u0103ng k\u00fd \u0111\u1ec3 tham gia ch\u01b0\u01a1ng tr\u00ecnh<\/cite><\/blockquote><\/figure>\n\n\n<p><img loading=\"lazy\" decoding=\"async\" class=\"alignnone  wp-image-8932\" src=\"https:\/\/studyinjpn.com\/cms\/wp-content\/uploads\/banner-japan-2024-300x107.jpg\" alt=\"\" width=\"885\" height=\"316\" srcset=\"https:\/\/studyinjpn.com\/cms\/wp-content\/uploads\/banner-japan-2024-300x107.jpg 300w, https:\/\/studyinjpn.com\/cms\/wp-content\/uploads\/banner-japan-2024-1024x364.jpg 1024w, https:\/\/studyinjpn.com\/cms\/wp-content\/uploads\/banner-japan-2024-768x273.jpg 768w, https:\/\/studyinjpn.com\/cms\/wp-content\/uploads\/banner-japan-2024-1536x546.jpg 1536w, https:\/\/studyinjpn.com\/cms\/wp-content\/uploads\/banner-japan-2024-2048x728.jpg 2048w\" sizes=\"(max-width: 885px) 100vw, 885px\" \/><\/p>\n\n\n<div class=\"wp-block-buttons is-layout-flex wp-block-buttons-is-layout-flex\">\n<div class=\"wp-block-button has-custom-width wp-block-button__width-100 has-custom-font-size is-style-fill\" style=\"font-size:25px\"><a class=\"wp-block-button__link has-background wp-element-button\" href=\"https:\/\/docs.google.com\/forms\/d\/e\/1FAIpQLSdq2t8abkMfV5Br7ruYIItAYPnUCWKdAIgAUxHyDqodvBm8xg\/viewform\" style=\"border-radius:100px;background:linear-gradient(355deg,rgb(254,205,165) 0%,rgb(254,45,45) 50%,rgb(107,0,62) 100%)\" target=\"_blank\" rel=\"noreferrer noopener\">\u0110\u0102NG K\u00dd<\/a><\/div>\n<\/div>\n\n\n<section class=\"eventArea\">\n<h4>\u00a0<\/h4>\n<h4>DANH S\u00c1CH C\u00c1C TR\u01af\u1edcNG THAM D\u1ef0<\/h4>\n<h4>Tr\u01b0\u1eddng Nh\u1eadt ng\u1eef<\/h4>\n<\/section>\n<div class=\"SchoolWrap\">\n<h3 class=\"toggle\">Yu Language Academy<\/h3>\n<div class=\"inner\">\n<ul>\n<li><a href=\"https:\/\/studyinjpn.com\/en\/school\/index\/9786\" target=\"_blank&quot;\" rel=\"noopener\">Th\u00f4ng tin<\/a><\/li>\n<li><a class=\"getPamph\" href=\"\/en\/box\/apply\" data-id=\"9786\" data-name=\"Yu Language Academy\">Y\u00eau c\u1ea7u t\u00e0i li\u1ec7u<\/a><\/li>\n<li><a href=\"https:\/\/www.youtube.com\/watch?v=IkIctQvlGew\" data-lity=\"\">Video<\/a><\/li>\n<\/ul>\n<\/div>\n<\/div>\n<div class=\"SchoolWrap\">\n<h3 class=\"toggle\">Yu International Cultural Academy<\/h3>\n<div class=\"inner\">\n<ul>\n<li><a href=\"https:\/\/studyinjpn.com\/en\/school\/index\/9269\" target=\"_blank&quot;\" rel=\"noopener\">Th\u00f4ng tin<\/a><\/li>\n<li><a class=\"getPamph\" href=\"\/en\/box\/apply\" data-id=\"9269\" data-name=\"Yu International Cultural Academy\">Y\u00eau c\u1ea7u t\u00e0i li\u1ec7u<\/a><\/li>\n<li><a href=\"https:\/\/www.youtube.com\/watch?v=Z5A6O6CDoHs\" data-lity=\"\">Video<\/a><\/li>\n<\/ul>\n<\/div>\n<\/div>\n<div class=\"SchoolWrap\">\n<h3 class=\"toggle\">Yu Language Academy Sapporo<\/h3>\n<div class=\"inner\">\n<ul>\n<li><a href=\"https:\/\/studyinjpn.com\/en\/school\/index\/9270\" target=\"_blank&quot;\" rel=\"noopener\">Th\u00f4ng tin<\/a><\/li>\n<li><a class=\"getPamph\" href=\"\/en\/box\/apply\" data-id=\"9270\" data-name=\"Yu Language Academy Sapporo\">Y\u00eau c\u1ea7u t\u00e0i li\u1ec7u<\/a><\/li>\n<li><a href=\"https:\/\/www.youtube.com\/watch?v=hjg2YkyjOHg\" data-lity=\"\">Video<\/a><\/li>\n<\/ul>\n<\/div>\n<\/div>\n<div class=\"SchoolWrap\">\n<h3 class=\"toggle\">Ohara Gakuen<\/h3>\n<div class=\"inner\">\n<ul>\n<li><a href=\"https:\/\/studyinjpn.com\/en\/school\/index\/4741\/%E5%A4%A7%E5%8E%9F%E7%B0%BF%E8%A8%98%E5%B0%82%E9%96%80%E5%AD%A6%E6%A0%A1%E5%A4%A7%E9%98%AA%E6%A0%A1\" target=\"_blank&quot;\" rel=\"noopener\">Th\u00f4ng tin<\/a><\/li>\n<li><a class=\"getPamph\" href=\"\/en\/box\/apply\" data-id=\"9270\" data-name=\"Yu Language Academy Sapporo\">Y\u00eau c\u1ea7u t\u00e0i li\u1ec7u<\/a><\/li>\n<li><a href=\"https:\/\/www.youtube.com\/watch?v=lFVYDCPywBU\" data-lity=\"\">Video<\/a><\/li>\n<\/ul>\n<\/div>\n<\/div>\n<div class=\"SchoolWrap\">\n<h3 class=\"toggle\">I.C Nagoya<\/h3>\n<div class=\"inner\">\n<ul>\n<li><a href=\"https:\/\/icn.gr.jp\/vn-school\/\" target=\"_blank&quot;\" rel=\"noopener\">Th\u00f4ng tin<\/a><\/li>\n<li><a class=\"getPamph\" href=\"\/en\/box\/apply\" data-id=\"9270\" data-name=\"Yu Language Academy Sapporo\">Y\u00eau c\u1ea7u t\u00e0i li\u1ec7u<\/a><\/li>\n<li><a href=\"https:\/\/www.youtube.com\/watch?v=lFVYDCPywBU\" data-lity=\"\" data-wplink-edit=\"true\">Video<\/a><\/li>\n<\/ul>\n<\/div>\n<\/div>\n<h4>Government Organization<\/h4>\n<div class=\"SchoolWrap\">\n<h3 class=\"Arrowunset\">JASSO VIETNAM<\/h3>\n<\/div>\n\n\n<div class=\"wp-block-buttons is-content-justification-center is-layout-flex wp-container-core-buttons-is-layout-2 wp-block-buttons-is-layout-flex\">\n<div class=\"wp-block-button has-custom-width wp-block-button__width-100 has-custom-font-size is-style-fill has-medium-font-size\"><a class=\"wp-block-button__link has-white-color has-text-color has-background wp-element-button\" href=\"https:\/\/docs.google.com\/forms\/d\/e\/1FAIpQLSdq2t8abkMfV5Br7ruYIItAYPnUCWKdAIgAUxHyDqodvBm8xg\/viewform\" style=\"border-radius:60px;background:linear-gradient(0deg,rgb(246,158,96) 0%,rgb(207,46,46) 60%)\" target=\"_blank\" rel=\"noreferrer noopener\">\u0110\u0102NG K\u00dd<\/a><\/div>\n<\/div>\n\n\n\n<ul class=\"wp-block-social-links has-large-icon-size is-style-default is-content-justification-center is-layout-flex wp-container-core-social-links-is-layout-1 wp-block-social-links-is-layout-flex\"><li class=\"wp-social-link wp-social-link-facebook  wp-block-social-link\"><a href=\"https:\/\/www.facebook.com\/profile.php?id=100085092446273\" class=\"wp-block-social-link-anchor\"><svg width=\"24\" height=\"24\" viewBox=\"0 0 24 24\" version=\"1.1\" xmlns=\"http:\/\/www.w3.org\/2000\/svg\" aria-hidden=\"true\" focusable=\"false\"><path d=\"M12 2C6.5 2 2 6.5 2 12c0 5 3.7 9.1 8.4 9.9v-7H7.9V12h2.5V9.8c0-2.5 1.5-3.9 3.8-3.9 1.1 0 2.2.2 2.2.2v2.5h-1.3c-1.2 0-1.6.8-1.6 1.6V12h2.8l-.4 2.9h-2.3v7C18.3 21.1 22 17 22 12c0-5.5-4.5-10-10-10z\"><\/path><\/svg><span class=\"wp-block-social-link-label screen-reader-text\">Facebook<\/span><\/a><\/li><\/ul>\n","protected":false},"excerpt":{"rendered":"<p>Ch\u00e0o m\u1eebng c\u00e1c b\u1ea1n \u0111\u1ebfn v\u1edbi &#8220;Ng\u00e0y h\u1ed9i th\u00f4ng tin du h\u1ecdc Nh\u1eadt B\u1ea3n 2024&#8221;! Nh\u1ea5n v\u00e0o &#8220;\u0110\u0103ng k\u00fd&#038;#8221 [&hellip;]<\/p>\n","protected":false},"author":1,"featured_media":0,"parent":0,"menu_order":57,"comment_status":"closed","ping_status":"closed","template":"","meta":{"footnotes":""},"class_list":["post-8912","page","type-page","status-publish","hentry"],"_links":{"self":[{"href":"https:\/\/studyinjpn.com\/cms\/wp-json\/wp\/v2\/pages\/8912"}],"collection":[{"href":"https:\/\/studyinjpn.com\/cms\/wp-json\/wp\/v2\/pages"}],"about":[{"href":"https:\/\/studyinjpn.com\/cms\/wp-json\/wp\/v2\/types\/page"}],"author":[{"embeddable":true,"href":"https:\/\/studyinjpn.com\/cms\/wp-json\/wp\/v2\/users\/1"}],"replies":[{"embeddable":true,"href":"https:\/\/studyinjpn.com\/cms\/wp-json\/wp\/v2\/comments?post=8912"}],"version-history":[{"count":31,"href":"https:\/\/studyinjpn.com\/cms\/wp-json\/wp\/v2\/pages\/8912\/revisions"}],"predecessor-version":[{"id":9537,"href":"https:\/\/studyinjpn.com\/cms\/wp-json\/wp\/v2\/pages\/8912\/revisions\/9537"}],"wp:attachment":[{"href":"https:\/\/studyinjpn.com\/cms\/wp-json\/wp\/v2\/media?parent=8912"}],"curies":[{"name":"wp","href":"https:\/\/api.w.org\/{rel}","templated":true}]}}